{"id":29,"date":"2023-01-02T19:12:54","date_gmt":"2023-01-02T19:12:54","guid":{"rendered":"https:\/\/www.taxivip-wroc.pl\/?page_id=29"},"modified":"2023-01-19T09:41:22","modified_gmt":"2023-01-19T09:41:22","slug":"o-nas","status":"publish","type":"page","link":"https:\/\/www.taxivip-wroc.pl\/index.php\/o-nas\/","title":{"rendered":"O nas"},"content":{"rendered":"<p>[et_pb_section fb_built=&#8221;1&#8243; fullwidth=&#8221;on&#8221; _builder_version=&#8221;4.9.4&#8243; _module_preset=&#8221;default&#8221; background_image=&#8221;https:\/\/www.taxivip-wroc.pl\/wp-content\/uploads\/2023\/01\/money-g0efa75a49_1920.jpg&#8221;][et_pb_fullwidth_slider _builder_version=&#8221;4.9.4&#8243; _module_preset=&#8221;default&#8221; background_image=&#8221;https:\/\/www.taxivip-wroc.pl\/wp-content\/uploads\/2023\/01\/lotnisko-mercedes-scaled.jpg&#8221; width_tablet=&#8221;&#8221; width_phone=&#8221;500px&#8221; width_last_edited=&#8221;on|phone&#8221; hover_enabled=&#8221;0&#8243; title_text=&#8221;lotnisko mercedes&#8221; sticky_enabled=&#8221;0&#8243;][et_pb_slide _builder_version=&#8221;4.9.4&#8243; _module_preset=&#8221;default&#8221; hover_enabled=&#8221;0&#8243; sticky_transition=&#8221;on&#8221; sticky_enabled=&#8221;0&#8243;][\/et_pb_slide][\/et_pb_fullwidth_slider][\/et_pb_section][et_pb_section fb_built=&#8221;1&#8243; _builder_version=&#8221;4.9.4&#8243; _module_preset=&#8221;default&#8221;][et_pb_row _builder_version=&#8221;4.9.4&#8243; _module_preset=&#8221;default&#8221; locked=&#8221;off&#8221;][et_pb_column type=&#8221;4_4&#8243; _builder_version=&#8221;4.9.4&#8243; _module_preset=&#8221;default&#8221;][et_pb_text _builder_version=&#8221;4.9.4&#8243; _module_preset=&#8221;default&#8221; text_font=&#8221;Montserrat||||||||&#8221; text_font_size=&#8221;17px&#8221; text_letter_spacing=&#8221;1px&#8221; header_text_color=&#8221;#FFFFFF&#8221;]<\/p>\n<p><strong>TAXI VIP-WROC\u0141AW<\/strong>\u00a0zapewnia maksymalnie wysoki poziom \u015bwiadczonych przewoz\u00f3w m.in. na terenie Wroc\u0142awia i okolic, ale r\u00f3wnie\u017c na terenie ca\u0142ej Polski i Europy.<\/p>\n<p>\u015awiadczymy us\u0142ugi w zakresie bezpiecznego transferu z lotnisk ca\u0142ej Europy, a w szczeg\u00f3lno\u015bci Polski. Obs\u0142ugujemy przewozy os\u00f3b na targi, konferencje, \u015bluby oraz inne wydarzenia okoliczno\u015bciowe. Stacjonujemy g\u0142ownie we Wroc\u0142awiu przy Porcie Lotniczym. Oferujemy bardzo wysoki standard, profesjonaln\u0105 obs\u0142ug\u0119 Klient\u00f3w biznesowych oraz VIP-\u00f3w.<\/p>\n<p>&nbsp;<\/p>\n<p>[\/et_pb_text][\/et_pb_column][\/et_pb_row][\/et_pb_section]<\/p>\n","protected":false},"excerpt":{"rendered":"<p>TAXI VIP-WROC\u0141AW\u00a0zapewnia maksymalnie wysoki poziom \u015bwiadczonych przewoz\u00f3w m.in. na terenie Wroc\u0142awia i okolic, ale r\u00f3wnie\u017c na terenie ca\u0142ej Polski i Europy. \u015awiadczymy us\u0142ugi w zakresie bezpiecznego transferu z lotnisk ca\u0142ej Europy, a w szczeg\u00f3lno\u015bci Polski. Obs\u0142ugujemy przewozy os\u00f3b na targi, konferencje, \u015bluby oraz inne wydarzenia okoliczno\u015bciowe. Stacjonujemy g\u0142ownie we Wroc\u0142awiu przy Porcie Lotniczym. Oferujemy bardzo [&hellip;]<\/p>\n","protected":false},"author":1,"featured_media":0,"parent":0,"menu_order":0,"comment_status":"closed","ping_status":"closed","template":"","meta":{"_et_pb_use_builder":"on","_et_pb_old_content":"","_et_gb_content_width":"","footnotes":""},"class_list":["post-29","page","type-page","status-publish","hentry"],"_links":{"self":[{"href":"https:\/\/www.taxivip-wroc.pl\/index.php\/wp-json\/wp\/v2\/pages\/29","targetHints":{"allow":["GET"]}}],"collection":[{"href":"https:\/\/www.taxivip-wroc.pl\/index.php\/wp-json\/wp\/v2\/pages"}],"about":[{"href":"https:\/\/www.taxivip-wroc.pl\/index.php\/wp-json\/wp\/v2\/types\/page"}],"author":[{"embeddable":true,"href":"https:\/\/www.taxivip-wroc.pl\/index.php\/wp-json\/wp\/v2\/users\/1"}],"replies":[{"embeddable":true,"href":"https:\/\/www.taxivip-wroc.pl\/index.php\/wp-json\/wp\/v2\/comments?post=29"}],"version-history":[{"count":10,"href":"https:\/\/www.taxivip-wroc.pl\/index.php\/wp-json\/wp\/v2\/pages\/29\/revisions"}],"predecessor-version":[{"id":283,"href":"https:\/\/www.taxivip-wroc.pl\/index.php\/wp-json\/wp\/v2\/pages\/29\/revisions\/283"}],"wp:attachment":[{"href":"https:\/\/www.taxivip-wroc.pl\/index.php\/wp-json\/wp\/v2\/media?parent=29"}],"curies":[{"name":"wp","href":"https:\/\/api.w.org\/{rel}","templated":true}]}}